{"id":10,"date":"2019-12-29T10:25:17","date_gmt":"2019-12-29T09:25:17","guid":{"rendered":"https:\/\/www.prewencja.ptkardio.pl\/?page_id=10"},"modified":"2020-11-01T10:59:55","modified_gmt":"2020-11-01T09:59:55","slug":"wytyczne","status":"publish","type":"page","link":"https:\/\/prewencja.ptkardio.pl\/?page_id=10","title":{"rendered":"Wytyczne"},"content":{"rendered":"\n<p><\/p>\n\n\n\n<div class=\"wp-block-file\"><a href=\"https:\/\/www.prewencja.ptkardio.pl\/wp-content\/uploads\/2020\/11\/wytyczne_cukrzyca_2019.pdf\">Wytyczne Europejskiego Towarzystwa Kardiologicznego dotycz\u0105ce cukrzycy i stanu przedcukrzycowego wsp\u00f3\u0142istniej\u0105cych z chorobami sercowo\u2011naczyniowymi<br>opracowane we wsp\u00f3\u0142pracy z Europejskim Towarzystwem Bada\u0144 nad Cukrzyc\u0105 (2019) <\/a><a href=\"https:\/\/www.prewencja.ptkardio.pl\/wp-content\/uploads\/2020\/11\/wytyczne_cukrzyca_2019.pdf\" class=\"wp-block-file__button\" download>Pobierz<\/a><\/div>\n\n\n\n<div class=\"wp-block-file\"><a href=\"https:\/\/www.prewencja.ptkardio.pl\/wp-content\/uploads\/2020\/11\/wytyczne_dyslipidemie_2019.pdf\">Wytyczne ESC\/EAS dotycz\u0105ce post\u0119powania w dyslipidemiach: jak dzi\u0119ki leczeniu zaburze\u0144 lipidowych obni\u017cy\u0107 ryzyko sercowo\u2011naczyniowe w 2019<\/a><a href=\"https:\/\/www.prewencja.ptkardio.pl\/wp-content\/uploads\/2020\/11\/wytyczne_dyslipidemie_2019.pdf\" class=\"wp-block-file__button\" download>Pobierz<\/a><\/div>\n\n\n\n<div class=\"wp-block-file\"><a href=\"https:\/\/www.prewencja.ptkardio.pl\/wp-content\/uploads\/2019\/12\/Wytyczne-ESCESH-dotycz\u0105ce-post\u0119powania-w-nadci\u015bnieniu-t\u0119tniczym-2018.pdf\">Wytyczne ESC\/ESH dotycz\u0105ce post\u0119powania w nadci\u015bnieniu t\u0119tniczym w 2018<\/a><a href=\"https:\/\/www.prewencja.ptkardio.pl\/wp-content\/uploads\/2019\/12\/Wytyczne-ESCESH-dotycz\u0105ce-post\u0119powania-w-nadci\u015bnieniu-t\u0119tniczym-2018.pdf\" class=\"wp-block-file__button\" download>Pobierz<\/a><\/div>\n\n\n\n<div class=\"wp-block-file\"><a href=\"https:\/\/www.prewencja.ptkardio.pl\/wp-content\/uploads\/2019\/12\/02_KP_2016_11_Wytyczne_ESC_lipid__zlinkowany.pdf\">Wytyczne ESC\/EAS dotycz\u0105ce zaburze\u0144 lipidowych w 2016 <\/a><a href=\"https:\/\/www.prewencja.ptkardio.pl\/wp-content\/uploads\/2019\/12\/02_KP_2016_11_Wytyczne_ESC_lipid__zlinkowany.pdf\" class=\"wp-block-file__button\" download>Pobierz<\/a><\/div>\n\n\n\n<p><\/p>\n\n\n\n<div class=\"wp-block-file\"><a href=\"https:\/\/www.prewencja.ptkardio.pl\/wp-content\/uploads\/2019\/12\/KP-9_2016-01_Wytyczne_-ESC_prewencja.pdf\">Wytyczne ESC dotycz\u0105ce prewencji chor\u00f3b uk\u0142adu sercowo-naczyniowego w praktyce klinicznej w 2016  <\/a><a href=\"https:\/\/www.prewencja.ptkardio.pl\/wp-content\/uploads\/2019\/12\/KP-9_2016-01_Wytyczne_-ESC_prewencja.pdf\" class=\"wp-block-file__button\" download>Pobierz<\/a><\/div>\n\n\n\n<blockquote class=\"wp-block-quote is-layout-flow wp-block-quote-is-layout-flow\"><p><em>Pe\u0142ne porfolio wytycznych post\u0119powania w chorobach sercowo-naczyniowych znajduje si\u0119 na stronie internetowej Polskiego Towarzystwa Kardiologicznego<\/em>. <\/p><\/blockquote>\n","protected":false},"excerpt":{"rendered":"<p>Pe\u0142ne porfolio wytycznych post\u0119powania w chorobach sercowo-naczyniowych znajduje si\u0119 na stronie internetowej Polskiego Towarzystwa Kardiologicznego.<\/p>\n","protected":false},"author":1,"featured_media":0,"parent":0,"menu_order":0,"comment_status":"closed","ping_status":"closed","template":"","meta":{"footnotes":""},"class_list":["post-10","page","type-page","status-publish","hentry"],"_links":{"self":[{"href":"https:\/\/prewencja.ptkardio.pl\/index.php?rest_route=\/wp\/v2\/pages\/10","targetHints":{"allow":["GET"]}}],"collection":[{"href":"https:\/\/prewencja.ptkardio.pl\/index.php?rest_route=\/wp\/v2\/pages"}],"about":[{"href":"https:\/\/prewencja.ptkardio.pl\/index.php?rest_route=\/wp\/v2\/types\/page"}],"author":[{"embeddable":true,"href":"https:\/\/prewencja.ptkardio.pl\/index.php?rest_route=\/wp\/v2\/users\/1"}],"replies":[{"embeddable":true,"href":"https:\/\/prewencja.ptkardio.pl\/index.php?rest_route=%2Fwp%2Fv2%2Fcomments&post=10"}],"version-history":[{"count":11,"href":"https:\/\/prewencja.ptkardio.pl\/index.php?rest_route=\/wp\/v2\/pages\/10\/revisions"}],"predecessor-version":[{"id":564,"href":"https:\/\/prewencja.ptkardio.pl\/index.php?rest_route=\/wp\/v2\/pages\/10\/revisions\/564"}],"wp:attachment":[{"href":"https:\/\/prewencja.ptkardio.pl\/index.php?rest_route=%2Fwp%2Fv2%2Fmedia&parent=10"}],"curies":[{"name":"wp","href":"https:\/\/api.w.org\/{rel}","templated":true}]}}