{"id":11,"date":"2019-12-29T10:25:18","date_gmt":"2019-12-29T09:25:18","guid":{"rendered":"https:\/\/www.prewencja.ptkardio.pl\/?page_id=11"},"modified":"2020-01-06T09:48:19","modified_gmt":"2020-01-06T08:48:19","slug":"zapisy","status":"publish","type":"page","link":"https:\/\/prewencja.ptkardio.pl\/?page_id=11","title":{"rendered":"Zapisy"},"content":{"rendered":"\n<p class=\"has-text-align-center\">Serdecznie zapraszamy do zapisywania si\u0119 do Sekcji Prewencji i Epidemiologii PTK <\/p>\n\n\n\n<p class=\"has-text-align-center\">Zg\u0142oszenie do Sekcji Prewencji i Epidemiologii PTK jest <strong>nieodp\u0142atne<\/strong> i nie wi\u0105\u017ce si\u0119 z dodatkowymi sk\u0142adkami. Cz\u0142onkiem Sekcji mo\u017ce zosta\u0107  ka\u017cdy Cz\u0142onek  Polskiego Towarzystwa Kardiologicznego. Aby zapisa\u0107 si\u0119  do Sekcji wykonaj kolejne kroki.  <\/p>\n\n\n\n<h4 class=\"has-text-align-center wp-block-heading\"> Krok 1. Wejd\u017a na stroni\u0119 internatow\u0105 <strong> http:\/\/www.ptkardio.pl\/<\/strong> <\/h4>\n\n\n\n<figure class=\"wp-block-image size-large\"><img loading=\"lazy\" decoding=\"async\" width=\"2942\" height=\"1854\" src=\"https:\/\/www.prewencja.ptkardio.pl\/wp-content\/uploads\/2019\/12\/02-1.jpg\" alt=\"\" class=\"wp-image-156\"\/><figcaption><br><\/figcaption><\/figure>\n\n\n\n<h4 class=\"has-text-align-center wp-block-heading\">Krok 2. Zosta\u0144 cz\u0142onkiem PTK lub je\u015bli ju\u017c jeste\u015b cz\u0142onkiem zaloguj si\u0119 na swoje konto<\/h4>\n\n\n\n<figure class=\"wp-block-image size-large\"><img loading=\"lazy\" decoding=\"async\" width=\"2942\" height=\"1854\" src=\"https:\/\/www.prewencja.ptkardio.pl\/wp-content\/uploads\/2019\/12\/03.jpg\" alt=\"\" class=\"wp-image-157\"\/><\/figure>\n\n\n\n<h4 class=\"has-text-align-center wp-block-heading\">Krok 3. Wejd\u017a w zak\u0142adk\u0119 <strong>Moje konto<\/strong> a nast\u0119pnie w zak\u0142adk\u0119 <strong>Sekcje<\/strong><\/h4>\n\n\n\n<figure class=\"wp-block-image size-large\"><img loading=\"lazy\" decoding=\"async\" width=\"2937\" height=\"1814\" src=\"https:\/\/www.prewencja.ptkardio.pl\/wp-content\/uploads\/2019\/12\/07.jpg\" alt=\"\" class=\"wp-image-162\"\/><figcaption><br><br><\/figcaption><\/figure>\n\n\n\n<h4 class=\"has-text-align-center wp-block-heading\">Krok 4. Z rozwijanej listy wybierz Sekcj\u0119 Prewencji i Epidemiologii<\/h4>\n\n\n\n<figure class=\"wp-block-image size-large\"><img loading=\"lazy\" decoding=\"async\" width=\"2937\" height=\"1822\" src=\"https:\/\/www.prewencja.ptkardio.pl\/wp-content\/uploads\/2019\/12\/08.jpg\" alt=\"\" class=\"wp-image-163\"\/><\/figure>\n\n\n\n<h4 class=\"has-text-align-center wp-block-heading\"> Krok 5. Witamy w naszym gronie <\/h4>\n\n\n\n<figure class=\"wp-block-image size-large\"><img loading=\"lazy\" decoding=\"async\" width=\"1100\" height=\"733\" src=\"https:\/\/www.prewencja.ptkardio.pl\/wp-content\/uploads\/2019\/12\/M_314727-1100x733.jpg\" alt=\"\" class=\"wp-image-170\"\/><\/figure>\n\n\n\n<p class=\"has-text-align-center\"><\/p>\n","protected":false},"excerpt":{"rendered":"<p>Serdecznie zapraszamy do zapisywania si\u0119 do Sekcji Prewencji i Epidemiologii PTK Zg\u0142oszenie do Sekcji Prewencji i Epidemiologii PTK jest nieodp\u0142atne [&hellip;]<\/p>\n","protected":false},"author":1,"featured_media":0,"parent":0,"menu_order":0,"comment_status":"closed","ping_status":"closed","template":"","meta":{"footnotes":""},"class_list":["post-11","page","type-page","status-publish","hentry"],"_links":{"self":[{"href":"https:\/\/prewencja.ptkardio.pl\/index.php?rest_route=\/wp\/v2\/pages\/11","targetHints":{"allow":["GET"]}}],"collection":[{"href":"https:\/\/prewencja.ptkardio.pl\/index.php?rest_route=\/wp\/v2\/pages"}],"about":[{"href":"https:\/\/prewencja.ptkardio.pl\/index.php?rest_route=\/wp\/v2\/types\/page"}],"author":[{"embeddable":true,"href":"https:\/\/prewencja.ptkardio.pl\/index.php?rest_route=\/wp\/v2\/users\/1"}],"replies":[{"embeddable":true,"href":"https:\/\/prewencja.ptkardio.pl\/index.php?rest_route=%2Fwp%2Fv2%2Fcomments&post=11"}],"version-history":[{"count":19,"href":"https:\/\/prewencja.ptkardio.pl\/index.php?rest_route=\/wp\/v2\/pages\/11\/revisions"}],"predecessor-version":[{"id":386,"href":"https:\/\/prewencja.ptkardio.pl\/index.php?rest_route=\/wp\/v2\/pages\/11\/revisions\/386"}],"wp:attachment":[{"href":"https:\/\/prewencja.ptkardio.pl\/index.php?rest_route=%2Fwp%2Fv2%2Fmedia&parent=11"}],"curies":[{"name":"wp","href":"https:\/\/api.w.org\/{rel}","templated":true}]}}