{"id":17,"date":"2019-12-29T10:25:20","date_gmt":"2019-12-29T09:25:20","guid":{"rendered":"https:\/\/www.prewencja.ptkardio.pl\/?page_id=17"},"modified":"2023-11-20T08:49:19","modified_gmt":"2023-11-20T07:49:19","slug":"kontakt","status":"publish","type":"page","link":"https:\/\/prewencja.ptkardio.pl\/?page_id=17","title":{"rendered":"Kontakt"},"content":{"rendered":"\n<p><strong>Przewodnicz\u0105cy Sekcji Prewencji i Epidemiologii<\/strong><\/p>\n\n\n\n<p>prof. dr hab. n med. Karol Adam Kami\u0144ski<\/p>\n\n\n\n<p>Zak\u0142ad Medycyny Populacyjnej i Prewencji Chor\u00f3b Cywilizacyjnych<br>Uniwersytet Medyczny w Bia\u0142ymstoku<br>ul. Waszyngtona 15B<br>15-269 \u2013 Bia\u0142ystok<br>Tel.: 85 6865365.<br>Fax:<br>Kom.: 608424949<br>e-mail: fizklin@wp.pl<\/p>\n\n\n\n<p><strong>Sekretarz Sekcji Prewencji i Epidemiologii <\/strong><\/p>\n\n\n\n<p><strong>dr n. med. Daniel \u015ali\u017c<\/strong><\/p>\n\n\n\n<p>III Klinika chor\u00f3b Wewn\u0119trznych i Kardiologii<br>Warszawski Uniwersytet Medyczny<br><br> e-mail: <a href=\"mailto:sliz.daniel@gmail.com\">sliz.daniel@gmail.com<\/a><\/p>\n\n\n\n<!--nextpage-->\n\n\n\n<p><strong>Projekt strony internetowej<\/strong><br> dr hab.n. o zdr. Agnieszka M\u0142ynarska, Prof. SUM<br> dr hab. n.med. Rafa\u0142 M\u0142ynarski, Prof. SUM<\/p>\n\n\n\n<p><strong>Zdj\u0119cia i grafika<\/strong><br> dr hab. n.med. Rafa\u0142 M\u0142ynarski \/ Olympus OMDEM5 mII<\/p>\n\n\n\n<p><\/p>\n\n\n\n<p><\/p>\n\n\n\n<p><\/p>\n","protected":false},"excerpt":{"rendered":"<p>Przewodnicz\u0105cy Sekcji Prewencji i Epidemiologii prof. dr hab. n med. Karol Adam Kami\u0144ski Zak\u0142ad Medycyny Populacyjnej i Prewencji Chor\u00f3b CywilizacyjnychUniwersytet [&hellip;]<\/p>\n","protected":false},"author":1,"featured_media":0,"parent":0,"menu_order":0,"comment_status":"closed","ping_status":"closed","template":"","meta":{"footnotes":""},"class_list":["post-17","page","type-page","status-publish","hentry"],"_links":{"self":[{"href":"https:\/\/prewencja.ptkardio.pl\/index.php?rest_route=\/wp\/v2\/pages\/17","targetHints":{"allow":["GET"]}}],"collection":[{"href":"https:\/\/prewencja.ptkardio.pl\/index.php?rest_route=\/wp\/v2\/pages"}],"about":[{"href":"https:\/\/prewencja.ptkardio.pl\/index.php?rest_route=\/wp\/v2\/types\/page"}],"author":[{"embeddable":true,"href":"https:\/\/prewencja.ptkardio.pl\/index.php?rest_route=\/wp\/v2\/users\/1"}],"replies":[{"embeddable":true,"href":"https:\/\/prewencja.ptkardio.pl\/index.php?rest_route=%2Fwp%2Fv2%2Fcomments&post=17"}],"version-history":[{"count":16,"href":"https:\/\/prewencja.ptkardio.pl\/index.php?rest_route=\/wp\/v2\/pages\/17\/revisions"}],"predecessor-version":[{"id":723,"href":"https:\/\/prewencja.ptkardio.pl\/index.php?rest_route=\/wp\/v2\/pages\/17\/revisions\/723"}],"wp:attachment":[{"href":"https:\/\/prewencja.ptkardio.pl\/index.php?rest_route=%2Fwp%2Fv2%2Fmedia&parent=17"}],"curies":[{"name":"wp","href":"https:\/\/api.w.org\/{rel}","templated":true}]}}