{"id":353,"date":"2020-01-05T14:40:55","date_gmt":"2020-01-05T13:40:55","guid":{"rendered":"https:\/\/www.prewencja.ptkardio.pl\/?page_id=353"},"modified":"2023-11-20T08:46:53","modified_gmt":"2023-11-20T07:46:53","slug":"poprzednie-zarzady","status":"publish","type":"page","link":"https:\/\/prewencja.ptkardio.pl\/?page_id=353","title":{"rendered":"Poprzednie Zarz\u0105dy"},"content":{"rendered":"\n<p><strong>Zarz\u0105d w kadencji 2021-2023<\/strong><br><strong>Przewodnicz\u0105cy:<\/strong>    Dr hab. n. o zdr. Agnieszka M\u0142ynarska prof. SUM<br>Przewodnicz\u0105cy-Elekt:  Prof. dr hab. n. med. Karol Kami\u0144ski<br>Poprzedni Przewodnicz\u0105cy:    Prof. dr hab. n.med. Tomasz Zdrojewski<br>Sekretarz: Dr n. med. Daniel \u015ali\u017c<br>Skarbnik:    Dr n. med. Jerzy Piwo\u0144ski<br><strong>Cz\u0142onkowie: <\/strong><br>Prof. dr hab. Aldona Kubica<br>Dr hab. n. med. Marek Klocek<br>Dr n. med. Klaudia Pacia<br>Dr n. med. Krzysztof Chlebus<br><strong>Komisja Rewizyjna:    <\/strong><br><strong>Przewodnicz\u0105cy:<\/strong> Prof. dr hab. n. med. Andrzej Wysoki\u0144ski<br>Dr n. med. Magdalena Kozela<br>Dr n. med. Agnieszka Sarnecka<\/p>\n\n\n\n<p> <strong>Kadencja 2019 &#8211; 2021 <\/strong><br> <strong>Przewodnicz\u0105cy:<\/strong>  Prof. dr hab. n. med. Tomasz Zdrojewski <br> Przewodnicz\u0105cy-Elekt: Dr hab. n. o zdr. Agnieszka M\u0142ynarska<br> Poprzedni Przewodnicz\u0105cy: dr n. med. Roman Top\u00f3r-M\u0105dry<br> Sekretarz: Prof. dr hab. n. o zdr. Aldona Kubica<br> Skarbnik: Dr n. med. Jerzy Piwo\u0144ski<br> <strong>Cz\u0142onkowie:<\/strong><br> Prof. dr hab. n. med. Karol Kami\u0144ski<br> Dr hab n. med. Marek Klocek<br> Dr n. med. Magdalena Kozela    <br> Dr hab. n. med. Tomasz Hryniewiecki, prof. IK<br> <strong>Komisja Rewizyjna:<\/strong>      <br> <strong>Przewodnicz\u0105cy:<\/strong> Prof. dr hab. n. med. Andrzej Wysoki\u0144ski<br> Dr n. med. Agnieszka Sarnecka<br> Dr n. med. Agnieszka Dory\u0144ska<br>  <\/p>\n\n\n\n<p><strong>Kadencja 2017 &#8211; 2019<\/strong> <br> <strong>Przewodnicz\u0105cy:<\/strong> Dr n. med. Roman Top\u00f3r-M\u0105dry<br> Przewodnicz\u0105cy-Elekt: Dr hab. n. med. Tomasz Zdrojewski prof.GUM<br> Poprzedni Przewodnicz\u0105cy: Prof. dr hab. n. med. Wojciech Drygas<br> Sekretarz: Dr n. med. Agnieszka M\u0142ynarska<br> Skarbnik: Dr n. med. Agnieszka Sarnecka<br> <strong>Cz\u0142onkowie:<\/strong><br> Prof. dr hab. n. med. Andrzej Wysoki\u0144ski<br> Dr n. med. Pawe\u0142 Balsam<br> Dr n. med. Magdalena Kozela    <br> Dr n. med. Piotr Bandosz<br> <strong>Komisja Rewizyjna:<\/strong>      <br> <strong>Przewodnicz\u0105cy:<\/strong> Dr hab. n. med. Marek Klocek<br> Dr hab. n. med. \u0141ukasz Krzych<br> Dr n. med. Daniel \u015ali\u017c<br> Dr n. med. Agnieszka Serafin<br> Dr n. med. Agnieszka Besala<\/p>\n\n\n\n<!--nextpage-->\n\n\n\n<p><strong>Kadencja 2015 &#8211; 2017 <\/strong><br> <strong>Przewodnicz\u0105cy:<\/strong> Prof. dr hab. n. med. Wojciech Drygas<br> Przewodnicz\u0105cy-Elekt: Dr n. med. Roman Top\u00f3r-M\u0105dry<br> Poprzedni Przewodnicz\u0105cy: Dr hab. n. med. Grzegorz Kope\u0107<br> <strong>Cz\u0142onkowie:<\/strong><br> prof. dr hab. med. Andrzej Paj\u0105k<br> Prof. dr hab. n. med. Andrzej Wysoki\u0144ski<br> Dr hab. n. med. Tomasz Zdrojewski prof. GUM.<br> Dr n. med. Pawe\u0142 Balsam<br> Dr n. med. Agnieszka M\u0142ynarska<br> Lek. med. Agnieszka Sarnecka<br> <strong>Komisja Rewizyjna:<\/strong><br> Dr n. med. Agnieszka Serafin<br> Dr n. med. Daniel \u015ali\u017c<br> Dr hab. n. med. Marek Klocek<\/p>\n\n\n\n<p><strong>Kadencja 2013 &#8211; 2015 <\/strong><br> <strong>Przewodnicz\u0105cy:<\/strong> dr n. med. Grzegorz Kope\u0107<br> Przewodnicz\u0105cy-Elekt: prof. dr hab. med. Wojciech Drygas<br> Poprzedni Przewodnicz\u0105cy: prof. dr hab. med. Gra\u017cyna Broda<br> Sekretarz: dr n. med. Agnieszka Serafin<br> Skarbnik: dr n. med. Rafa\u0142 Ilow<br> <strong>Cz\u0142onkowie:<\/strong><br> prof. dr hab. med. Andrzej Paj\u0105k<br> dr med. Maciej Haberka<br> dr med. Daniel \u015ali\u017c<br> dr med. Roman Top\u00f3r-M\u0105dry<br><strong> Komisja Rewizyjna:<\/strong><br> prof. dr hab. med. Zbigniew G\u0105sior<br> prof. dr hab. med. Piotr Podolec<br> dr hab. med. Marek Klocek<\/p>\n\n\n\n<p><strong>Kadencja 2011-2013 <\/strong><br> <strong>Przewodnicz\u0105ca<\/strong>: Prof. dr hab. n. med. Gra\u017cyna Broda<br> Przewodnicz\u0105cy Elekt: Dr n. med. Grzegorz Kope\u0107<br> Sekretarz: Dr n. med. Agnieszka Serafin<br> Skarbnik: Dr n. med. Rafa\u0142 Ilow<br> <strong>Cz\u0142onkowie Zarz\u0105du:<\/strong><br> Prof. dr hab. med. Kalina Kawecka-Jaszcz<br> Dr med. Daniel \u015ali\u017c<br> Dr med Maciej Haberka<br> Dr med. Roman Top\u00f3r-M\u0105dry<\/p>\n\n\n\n<p><strong>Kadencja 2009-2011<\/strong><br> <strong>Przewodnicz\u0105cy:<\/strong> Dr hab. Piotr Jankowski<br> Zast\u0119pca Przewodnicz\u0105cego: Prof. dr hab. Wojciech Drygas<br> By\u0142y Przewodnicz\u0105cy Zarz\u0105du: Prof. dr hab. Andrzej Paj\u0105k<br> Sekretarz i Skarbnik Zarz\u0105du: Dr med. Grzegorz Kope\u0107<br> <strong>Cz\u0142onkowie Zarz\u0105du:<\/strong><br> Dr hab. Gra\u017cyna Broda<br> Prof. dr hab. Zbigniew G\u0105sior<br> Prof. dr hab. Piotr Podolec<br> Dr hab. Tomasz Zdrojewski<\/p>\n\n\n\n<p><strong>Kadencja 2007-2009 <\/strong><br> <strong>Przewodnicz\u0105cy:<\/strong> Prof. dr hab. med. Andrzej Paj\u0105k<br> Zast\u0119pca Przewodnicz\u0105cego: Prof. dr hab. Wojciech Drygas<br> Sekretarz i Skarbnik Zarz\u0105du: Dr hab. med. Piotr Jankowski  <br> <strong>Cz\u0142onkowie Zarz\u0105du:<\/strong><br> Prof. dr hab. Zbigniew G\u0105sior<br> Prof. dr hab. Piotr Podolec<br> Dr hab. Gra\u017cyna Broda<br> Dr med. Tomasz Zdrojewski<\/p>\n\n\n\n<p><strong>Kadencja 2005-2007<\/strong><br><strong> Przewodnicz\u0105cy:<\/strong> Prof. dr hab. med. Andrzej Paj\u0105k<br> Zast\u0119pca Przewodnicz\u0105cego: Prof. dr hab. med. Wojciech Drygas<br> Sekretarz i Skarbnik Zarz\u0105du: Dr med. Piotr Jankowski <br> <strong>Cz\u0142onkowie Zarz\u0105du:<\/strong><br> Prof. dr hab. med. Zbigniew G\u0105sior<br> Prof. dr hab. med. Wies\u0142awa Piwowarska<br> Prof. dr hab. med. Piotr Podolec<br> Dr med. Tomasz Zdrojewski<\/p>\n","protected":false},"excerpt":{"rendered":"<p>Zarz\u0105d w kadencji 2021-2023Przewodnicz\u0105cy: Dr hab. n. o zdr. Agnieszka M\u0142ynarska prof. SUMPrzewodnicz\u0105cy-Elekt: Prof. dr hab. n. med. Karol Kami\u0144skiPoprzedni [&hellip;]<\/p>\n","protected":false},"author":1,"featured_media":0,"parent":0,"menu_order":0,"comment_status":"closed","ping_status":"closed","template":"","meta":{"footnotes":""},"class_list":["post-353","page","type-page","status-publish","hentry"],"_links":{"self":[{"href":"https:\/\/prewencja.ptkardio.pl\/index.php?rest_route=\/wp\/v2\/pages\/353","targetHints":{"allow":["GET"]}}],"collection":[{"href":"https:\/\/prewencja.ptkardio.pl\/index.php?rest_route=\/wp\/v2\/pages"}],"about":[{"href":"https:\/\/prewencja.ptkardio.pl\/index.php?rest_route=\/wp\/v2\/types\/page"}],"author":[{"embeddable":true,"href":"https:\/\/prewencja.ptkardio.pl\/index.php?rest_route=\/wp\/v2\/users\/1"}],"replies":[{"embeddable":true,"href":"https:\/\/prewencja.ptkardio.pl\/index.php?rest_route=%2Fwp%2Fv2%2Fcomments&post=353"}],"version-history":[{"count":7,"href":"https:\/\/prewencja.ptkardio.pl\/index.php?rest_route=\/wp\/v2\/pages\/353\/revisions"}],"predecessor-version":[{"id":722,"href":"https:\/\/prewencja.ptkardio.pl\/index.php?rest_route=\/wp\/v2\/pages\/353\/revisions\/722"}],"wp:attachment":[{"href":"https:\/\/prewencja.ptkardio.pl\/index.php?rest_route=%2Fwp%2Fv2%2Fmedia&parent=353"}],"curies":[{"name":"wp","href":"https:\/\/api.w.org\/{rel}","templated":true}]}}