{"id":534,"date":"2020-05-20T12:58:29","date_gmt":"2020-05-20T10:58:29","guid":{"rendered":"https:\/\/www.prewencja.ptkardio.pl\/?page_id=534"},"modified":"2021-12-30T12:10:24","modified_gmt":"2021-12-30T11:10:24","slug":"newsletter","status":"publish","type":"page","link":"https:\/\/prewencja.ptkardio.pl\/?page_id=534","title":{"rendered":"Newsletter"},"content":{"rendered":"\n<p>Szanowni Pa\u0144stwo,&nbsp;<\/p>\n\n\n\n<p>Drodzy Cz\u0142onkowie Sekcji Prewencji&nbsp;Sekcji Prewencji i Epidemiologii, Sekcji&nbsp;Rehabilitacji Kardiologicznej i Fizjologii&nbsp;Wysi\u0142ku oraz Sekcji Kardiologii Sportowej PTK!<\/p>\n\n\n\n<p>Z przyjemno\u015bci\u0105 rekomendujemy Pa\u0144stwu pierwszy numer wsp\u00f3lnego Biuletynu naszych trzech Sekcji (w za\u0142\u0105czeniu). Pragniemy co dwa miesi\u0105ce zach\u0119ci\u0107 Pa\u0144stwa do lektury najciekawszych naukowo, klinicznie i edukacyjnie artyku\u0142\u00f3w i rekomendacji w zakresie prewencji, rehabilitacji i kardiologii sportowej.<\/p>\n\n\n\n<p>W ostatniej dekadzie po raz pierwszy od wielu lat zatrzyma\u0142 si\u0119 przyrost d\u0142ugo\u015bci \u017cycia Polak\u00f3w, zwi\u0119kszy\u0142a si\u0119 liczba os\u00f3b z oty\u0142o\u015bci\u0105, cukrzyc\u0105, dyslipidemi\u0105, podwy\u017cszonym ci\u015bnieniem. Brakuje sukces\u00f3w w walce z paleniem i w promowaniu aktywno\u015bci fizycznej. Potrzeby znacznie wyprzedzaj\u0105 rozw\u00f3j i nak\u0142ady na prewencj\u0119 wt\u00f3rn\u0105 czy kardiologi\u0119 sportow\u0105.<\/p>\n\n\n\n<p>Dlatego realizuj\u0105c misj\u0119 naszego Towarzystwa \u0142\u0105czymy si\u0142y i \u015brodki dla dobrego upowszechniania najnowszej wiedzy. Gor\u0105ce podzi\u0119kowanie kierujemy dla Trojga Redaktor\u00f3w nowego Newslettera!<\/p>\n\n\n\n<p>Serdecznie dzi\u0119kujemy Prezesowi Zarz\u0105du G\u0142\u00f3wnego PTK Profesorowi Adamowi Witkowskiemu za tak \u017cyczliwe przyj\u0119cie pomys\u0142u i wprowadzenie do pierwszego numeru Biuletynu!<\/p>\n\n\n\n<p>\u017byczymy Pa\u0144stwu dobrej i owocnej lektury!<br>Z najlepszymi pozdrowieniami,<br>przewodnicz\u0105cy Sekcji RKiFW, KS i PiE<br>Prof. Anna Jegier, Dr Anna Turska-Kmie\u0107, Prof. Tomasz Zdrojewski<\/p>\n\n\n\n<hr class=\"wp-block-separator\"\/>\n\n\n\n<div class=\"wp-block-file\"><a href=\"https:\/\/www.prewencja.ptkardio.pl\/wp-content\/uploads\/2020\/05\/Biuletyn_Sekcji_maj_2020.pdf\">Biuletyn Sekcji 1<\/a><a href=\"https:\/\/www.prewencja.ptkardio.pl\/wp-content\/uploads\/2020\/05\/Biuletyn_Sekcji_maj_2020.pdf\" class=\"wp-block-file__button\" download>Pobierz<\/a><\/div>\n\n\n\n<div class=\"wp-block-file\"><a href=\"https:\/\/www.prewencja.ptkardio.pl\/wp-content\/uploads\/2020\/11\/numer-2-1.pdf\">Biuletyn Sekcji 2<\/a><a href=\"https:\/\/www.prewencja.ptkardio.pl\/wp-content\/uploads\/2020\/11\/numer-2-1.pdf\" class=\"wp-block-file__button\" download>Pobierz<\/a><\/div>\n\n\n\n<div class=\"wp-block-file\"><a href=\"https:\/\/www.prewencja.ptkardio.pl\/wp-content\/uploads\/2020\/11\/Biuletyn-3-20.08-1.pdf\">Biuletyn Sekcji 3<\/a><a href=\"https:\/\/www.prewencja.ptkardio.pl\/wp-content\/uploads\/2020\/11\/Biuletyn-3-20.08-1.pdf\" class=\"wp-block-file__button\" download>Pobierz<\/a><\/div>\n\n\n\n<div class=\"wp-block-file\"><a href=\"https:\/\/www.prewencja.ptkardio.pl\/wp-content\/uploads\/2020\/11\/Biuletyn_nr4-1.pdf\">Biuletyn Sekcji 4<\/a><a href=\"https:\/\/www.prewencja.ptkardio.pl\/wp-content\/uploads\/2020\/11\/Biuletyn_nr4-1.pdf\" class=\"wp-block-file__button\" download>Pobierz<\/a><\/div>\n\n\n\n<div class=\"wp-block-file\"><a href=\"https:\/\/www.prewencja.ptkardio.pl\/wp-content\/uploads\/2020\/12\/Biuletyn_numer5.pdf\">Biuletyn Sekcji 5<\/a><a href=\"https:\/\/www.prewencja.ptkardio.pl\/wp-content\/uploads\/2020\/12\/Biuletyn_numer5.pdf\" class=\"wp-block-file__button\" download>Pobierz<\/a><\/div>\n\n\n\n<div class=\"wp-block-file\"><a href=\"https:\/\/www.prewencja.ptkardio.pl\/wp-content\/uploads\/2021\/04\/Biuletnyn-6-17.02.21.pdf\" target=\"_blank\" rel=\"noreferrer noopener\">Biuletyn Sekcji 6<\/a><a href=\"https:\/\/www.prewencja.ptkardio.pl\/wp-content\/uploads\/2021\/04\/Biuletnyn-6-17.02.21.pdf\" class=\"wp-block-file__button\" download>Pobierz<\/a><\/div>\n\n\n\n<div class=\"wp-block-file\"><a href=\"https:\/\/www.prewencja.ptkardio.pl\/wp-content\/uploads\/2021\/04\/Biuletyn_nr7.pdf\" target=\"_blank\" rel=\"noreferrer noopener\">Biuletyn Sekcji 7<\/a><a href=\"https:\/\/www.prewencja.ptkardio.pl\/wp-content\/uploads\/2021\/04\/Biuletyn_nr7.pdf\" class=\"wp-block-file__button\" download>Pobierz<\/a><\/div>\n\n\n\n<div class=\"wp-block-file\"><a href=\"blob:https:\/\/www.prewencja.ptkardio.pl\/61dd3d5e-85ae-4662-b678-bc3bd43a1972\">Biuletyn Sekcji 8<\/a><a href=\"blob:https:\/\/www.prewencja.ptkardio.pl\/61dd3d5e-85ae-4662-b678-bc3bd43a1972\" class=\"wp-block-file__button\" download>Pobierz<\/a><\/div>\n\n\n\n<div class=\"wp-block-file\"><a href=\"https:\/\/www.prewencja.ptkardio.pl\/wp-content\/uploads\/2020\/11\/Biuletyn-3-20.08-1.pdf\">Biuletyn Sekcji 9<\/a><a href=\"https:\/\/www.prewencja.ptkardio.pl\/wp-content\/uploads\/2020\/11\/Biuletyn-3-20.08-1.pdf\" class=\"wp-block-file__button\" download>Pobierz<\/a><\/div>\n\n\n\n<div class=\"wp-block-file\"><a href=\"https:\/\/www.prewencja.ptkardio.pl\/wp-content\/uploads\/2020\/11\/Biuletyn-3-20.08-1.pdf\">Biuletyn Sekcji 10<\/a><a href=\"https:\/\/www.prewencja.ptkardio.pl\/wp-content\/uploads\/2020\/11\/Biuletyn-3-20.08-1.pdf\" class=\"wp-block-file__button\" download>Pobierz<\/a><\/div>\n\n\n\n<p><\/p>\n\n\n\n<p><\/p>\n","protected":false},"excerpt":{"rendered":"<p>Szanowni Pa\u0144stwo,&nbsp; Drodzy Cz\u0142onkowie Sekcji Prewencji&nbsp;Sekcji Prewencji i Epidemiologii, Sekcji&nbsp;Rehabilitacji Kardiologicznej i Fizjologii&nbsp;Wysi\u0142ku oraz Sekcji Kardiologii Sportowej PTK! Z przyjemno\u015bci\u0105 [&hellip;]<\/p>\n","protected":false},"author":1,"featured_media":0,"parent":0,"menu_order":0,"comment_status":"closed","ping_status":"closed","template":"","meta":{"footnotes":""},"class_list":["post-534","page","type-page","status-publish","hentry"],"_links":{"self":[{"href":"https:\/\/prewencja.ptkardio.pl\/index.php?rest_route=\/wp\/v2\/pages\/534","targetHints":{"allow":["GET"]}}],"collection":[{"href":"https:\/\/prewencja.ptkardio.pl\/index.php?rest_route=\/wp\/v2\/pages"}],"about":[{"href":"https:\/\/prewencja.ptkardio.pl\/index.php?rest_route=\/wp\/v2\/types\/page"}],"author":[{"embeddable":true,"href":"https:\/\/prewencja.ptkardio.pl\/index.php?rest_route=\/wp\/v2\/users\/1"}],"replies":[{"embeddable":true,"href":"https:\/\/prewencja.ptkardio.pl\/index.php?rest_route=%2Fwp%2Fv2%2Fcomments&post=534"}],"version-history":[{"count":25,"href":"https:\/\/prewencja.ptkardio.pl\/index.php?rest_route=\/wp\/v2\/pages\/534\/revisions"}],"predecessor-version":[{"id":658,"href":"https:\/\/prewencja.ptkardio.pl\/index.php?rest_route=\/wp\/v2\/pages\/534\/revisions\/658"}],"wp:attachment":[{"href":"https:\/\/prewencja.ptkardio.pl\/index.php?rest_route=%2Fwp%2Fv2%2Fmedia&parent=534"}],"curies":[{"name":"wp","href":"https:\/\/api.w.org\/{rel}","templated":true}]}}