{"id":9,"date":"2019-12-29T10:25:17","date_gmt":"2019-12-29T09:25:17","guid":{"rendered":"https:\/\/www.prewencja.ptkardio.pl\/?page_id=9"},"modified":"2023-11-22T17:28:40","modified_gmt":"2023-11-22T16:28:40","slug":"zarzad","status":"publish","type":"page","link":"https:\/\/prewencja.ptkardio.pl\/?page_id=9","title":{"rendered":"Zarz\u0105d"},"content":{"rendered":"\n<h2 class=\"wp-block-heading\">Zarz\u0105d w kadencji 2023-2025<\/h2>\n\n\n\n<p><\/p>\n\n\n\n<p>Przewodnicz\u0105cy: <strong>prof. dr hab. n med. Karol Adam Kami\u0144ski<\/strong><\/p>\n\n\n\n<p>Przewodnicz\u0105cy-Elekt: <strong>dr hab. n med. Krzysztof Chlebus<\/strong><br>Poprzedni Przewodnicz\u0105cy: <strong>Dr hab. n. o zdr. Agnieszka M\u0142ynarska prof. SUM<\/strong><br>Sekretarz: <strong>Dr n. med. Daniel \u015ali\u017c<\/strong><br>Skarbnik: <strong>prof. dr hab. n. med. Pawe\u0142 Burchardt<\/strong><\/p>\n\n\n\n<p>Cz\u0142onkowie:    <\/p>\n\n\n\n<p><strong>prof. dr hab. n. med. Agata Bielecka D\u0105browa<\/strong><br><strong>prof. dr hab. n. med. Aleksander Prejbisz<\/strong><br><strong>prof. dr hab. n. med. Piotr Dobrowolski<\/strong><br><strong>dr hab. n med. Piotr Bandosz<\/strong><\/p>\n\n\n\n<p>Komisja Rewizyjna:    <br><br>Przewodnicz\u0105cy: <strong>dr n med. Jerzy Piwo\u0144ski<\/strong><br><strong>dr hab. n o zdr. Magdalena Kozela,<\/strong><br><strong>dr hab. n med. Marek Klocek<\/strong><\/p>\n\n\n\n<div class=\"wp-block-button\"><a class=\"wp-block-button__link wp-element-button\" href=\"https:\/\/www.prewencja.ptkardio.pl\/?page_id=353\">Poprzednie Zarz\u0105dy<\/a><\/div>\n","protected":false},"excerpt":{"rendered":"<p>Zarz\u0105d w kadencji 2023-2025 Przewodnicz\u0105cy: prof. dr hab. n med. Karol Adam Kami\u0144ski Przewodnicz\u0105cy-Elekt: dr hab. n med. Krzysztof ChlebusPoprzedni [&hellip;]<\/p>\n","protected":false},"author":1,"featured_media":0,"parent":0,"menu_order":0,"comment_status":"closed","ping_status":"closed","template":"","meta":{"footnotes":""},"class_list":["post-9","page","type-page","status-publish","hentry"],"_links":{"self":[{"href":"https:\/\/prewencja.ptkardio.pl\/index.php?rest_route=\/wp\/v2\/pages\/9","targetHints":{"allow":["GET"]}}],"collection":[{"href":"https:\/\/prewencja.ptkardio.pl\/index.php?rest_route=\/wp\/v2\/pages"}],"about":[{"href":"https:\/\/prewencja.ptkardio.pl\/index.php?rest_route=\/wp\/v2\/types\/page"}],"author":[{"embeddable":true,"href":"https:\/\/prewencja.ptkardio.pl\/index.php?rest_route=\/wp\/v2\/users\/1"}],"replies":[{"embeddable":true,"href":"https:\/\/prewencja.ptkardio.pl\/index.php?rest_route=%2Fwp%2Fv2%2Fcomments&post=9"}],"version-history":[{"count":18,"href":"https:\/\/prewencja.ptkardio.pl\/index.php?rest_route=\/wp\/v2\/pages\/9\/revisions"}],"predecessor-version":[{"id":725,"href":"https:\/\/prewencja.ptkardio.pl\/index.php?rest_route=\/wp\/v2\/pages\/9\/revisions\/725"}],"wp:attachment":[{"href":"https:\/\/prewencja.ptkardio.pl\/index.php?rest_route=%2Fwp%2Fv2%2Fmedia&parent=9"}],"curies":[{"name":"wp","href":"https:\/\/api.w.org\/{rel}","templated":true}]}}